{"id":592,"date":"2020-08-21T16:10:12","date_gmt":"2020-08-21T16:10:12","guid":{"rendered":"https:\/\/mariahypnotherapy.com\/DEV\/?page_id=592"},"modified":"2020-09-06T11:52:13","modified_gmt":"2020-09-06T11:52:13","slug":"privacy-policy","status":"publish","type":"page","link":"https:\/\/healingbodyandsoul.com\/es\/politica-de-privacidad-maria-martinez-perez-hypnotherapist\/","title":{"rendered":"Pol\u00edtica de Privacidad"},"content":{"rendered":"<h5 class=\"wb-stl-subtitle\">Lea sobre c\u00f3mo usamos y protegemos sus datos personales.<\/h5>\n<h2 class=\"wb-stl-heading2\">\u00daLTIMA ACTUALIZACI\u00d3N EN JUNIO DE 2020<\/h2>\n<p>A los efectos de la Ley de Protecci\u00f3n de Datos de 2018, somos el controlador de datos.<\/p>\n<h3 class=\"wb-stl-heading3\">\u00bfQU\u00c9 DATOS RECOPILAMOS?<\/h3>\n<p>Recopilamos datos de usted para proporcionar un servicio espec\u00edfico y efectivo. Recopilamos los datos m\u00ednimos necesarios para este prop\u00f3sito. Esto incluir\u00e1 informaci\u00f3n de identificaci\u00f3n personal como su nombre, direcci\u00f3n de correo electr\u00f3nico, n\u00famero de tel\u00e9fono e informaci\u00f3n relacionada con el servicio que le interesa.<\/p>\n<h3 class=\"wb-stl-heading3\">\u00bfC\u00d3MO RECOPILAMOS Y USAMOS SUS DATOS?<\/h3>\n<p>Recopilamos datos y procesamos datos cuando completa el formulario de la p\u00e1gina de Contacto (estos datos solo se utilizar\u00e1n para contactarlo y \/ o confirmar una cita), a trav\u00e9s de comunicaciones por correo electr\u00f3nico y durante las sesiones de terapia. Sus datos se utilizan para brindarle un servicio efectivo.<\/p>\n<p>Todos los datos del cliente son confidenciales. No compartimos sus datos con nadie.<\/p>\n<h3 class=\"wb-stl-heading3\">\u00bfC\u00d3MO ALMACENAMOS SUS DATOS?<\/h3>\n<p>Sus datos se almacenan y procesan en el Reino Unido. Tomamos todas las medidas t\u00e9cnicas y organizativas necesarias para mantener sus datos seguros.<\/p>\n<p>Conservamos sus registros durante 8 a\u00f1os en cumplimiento con el C\u00f3digo de conducta y \u00e9tica del Consejo de Salud Natural y Complementaria (CNHC).<\/p>\n<h3 class=\"wb-stl-heading3\">M\u00c1RKETING<\/h3>\n<p>Nos gustar\u00eda enviarle informaci\u00f3n sobre nuestros productos y servicios de los que creemos que podr\u00eda beneficiarse.<\/p>\n<p>Si ha aceptado recibir marketing, siempre puede optar por no participar en una fecha posterior.<\/p>\n<p>Tiene derecho en cualquier momento a impedir que nos comuniquemos con usted con fines de marketing.<\/p>\n<p>Si ya no desea ser contactado para fines de marketing, env\u00edenos un correo electr\u00f3nico a contact@mariahypnotherapy.com.<\/p>\n<h3 class=\"wb-stl-heading3\">\u00bfCU\u00c1LES SON SUS DERECHOS DE PROTECCI\u00d3N DE DATOS?<\/h3>\n<p>Nos gustar\u00eda asegurarnos de que conozca todos sus derechos de protecci\u00f3n de datos. Todo usuario tiene derecho a lo siguiente:<\/p>\n<p><strong>El derecho de acceso<\/strong>: tiene derecho a solicitar copias de sus datos personales. Podemos cobrarle una peque\u00f1a tarifa por este servicio.<\/p>\n<p><strong>El derecho a la rectificaci\u00f3n<\/strong>: tiene derecho a solicitar que corrijamos cualquier informaci\u00f3n que considere inexacta. Tambi\u00e9n tiene derecho a solicitar que completemos la informaci\u00f3n que considera incompleta.<\/p>\n<p><strong>El derecho a borrar<\/strong>: tiene derecho a solicitar que borremos sus datos personales.<\/p>\n<p><strong>El derecho a restringir el procesamiento:<\/strong>\u00a0tiene derecho a solicitar que restrinjamos el procesamiento de sus datos personales, bajo ciertas condiciones.<\/p>\n<p><strong>El derecho a oponerse al procesamiento<\/strong>: tiene derecho a objetar el procesamiento de sus datos personales.<\/p>\n<p><strong>El derecho a la portabilidad de los datos<\/strong>: tiene derecho a solicitar que transfiramos los datos que hemos recopilado a otra organizaci\u00f3n o directamente a usted.<\/p>\n<p>Si realiza una solicitud, tenemos un mes para responderle. Si desea ejercer alguno de estos derechos, cont\u00e1ctenos a nuestro correo electr\u00f3nico contact@mariahypnotherapy.com<\/p>\n<h3 class=\"wb-stl-heading3\">GALLETAS INFORM\u00c1TICAS<\/h3>\n<p>Las cookies son archivos de texto colocados en su dispositivo electr\u00f3nio para recopilar informaci\u00f3n est\u00e1ndar de registro de Internet e informaci\u00f3n de comportamiento de los visitantes. Cuando visita nuestros sitios web, podemos recopilar informaci\u00f3n de usted autom\u00e1ticamente a trav\u00e9s de cookies o tecnolog\u00eda similar<\/p>\n<h3 class=\"wb-stl-heading3\">C\u00d3MO USAMOS LAS COOKIES?<\/h3>\n<p>Nuestro sitio web utiliza cookies de varias maneras para mejorar su experiencia en nuestro sitio web, que incluyen:<\/p>\n<ul>\n<li>Manteni\u00e9ndote conectado<\/li>\n<li>Comprender c\u00f3mo usa nuestro sitio web<\/li>\n<\/ul>\n<p>Existen diferentes tipos de cookies, sin embargo, nuestro sitio web utiliza:<\/p>\n<p>Funcionalidad: nuestra empresa utiliza estas cookies para que lo reconozcamos en nuestro sitio web y recordemos sus preferencias previamente seleccionadas. Estos podr\u00edan incluir el idioma que prefiera y la ubicaci\u00f3n en la que se encuentre. Se utiliza una combinaci\u00f3n de cookies de origen y de terceros.<\/p>\n<p>Publicidad: nuestra empresa utiliza estas cookies para recopilar informaci\u00f3n sobre su visita a nuestro sitio web, el contenido que vio, los enlaces que sigui\u00f3 e informaci\u00f3n sobre su navegador, dispositivo y su direcci\u00f3n IP.<\/p>\n<p>&nbsp;<\/p>\n<p>Puede configurar su navegador para que no acepte cookies. Sin embargo, en algunos casos, algunas de las caracter\u00edsticas de nuestro sitio web pueden no funcionar como resultado.<\/p>\n","protected":false},"excerpt":{"rendered":"<p>Lea sobre c\u00f3mo usamos y protegemos sus datos personales. \u00daLTIMA ACTUALIZACI\u00d3N EN JUNIO DE 2020 A los efectos de la Ley de Protecci\u00f3n de Datos de 2018, somos el controlador&#8230;<\/p>\n","protected":false},"author":2,"featured_media":0,"parent":0,"menu_order":0,"comment_status":"closed","ping_status":"closed","template":"","meta":{"footnotes":""},"class_list":["post-592","page","type-page","status-publish","hentry"],"yoast_head":"<!-- This site is optimized with the Yoast SEO plugin v27.3 - https:\/\/yoast.com\/product\/yoast-seo-wordpress\/ -->\n<title>Pol\u00edtica de Privacidad<\/title>\n<meta name=\"description\" content=\"Lea sobre c\u00f3mo usamos y protegemos sus datos personales. \u00daLTIMA ACTUALIZACI\u00d3N EN JUNIO DE 2020 A los efectos de la Ley de Protecci\u00f3n de Datos de 2018, somos el controlador de datos. \u00bfQU\u00c9 DATOS RECOPILAMOS? Recopilamos datos de usted para proporcionar un servicio espec\u00edfico y efectivo. Recopilamos los datos m\u00ednimos necesarios para este prop\u00f3sito. Esto&hellip;\" \/>\n<meta name=\"robots\" content=\"index, follow, max-snippet:-1, max-image-preview:large, max-video-preview:-1\" \/>\n<link rel=\"canonical\" href=\"http:\/\/Lea%20sobre%20c\u00f3mo%20usamos%20y%20protegemos%20sus%20datos%20personales.%20\u00daLTIMA%20ACTUALIZACI\u00d3N%20EN%20JUNIO%20DE%202020%20A%20los%20efectos%20de%20la%20Ley%20de%20Protecci\u00f3n%20de%20Datos%20de%202018,%20somos%20el%20controlador%20de%20datos.%20\u00bfQU\u00c9%20DATOS%20RECOPILAMOS?%20Recopilamos%20datos%20de%20usted%20para%20proporcionar%20un%20servicio%20espec\u00edfico%20y%20efectivo.%20Recopilamos%20los%20datos%20m\u00ednimos%20necesarios%20para%20este%20prop\u00f3sito.%20Esto&hellip;\" \/>\n<meta property=\"og:locale\" content=\"es_ES\" \/>\n<meta property=\"og:type\" content=\"article\" \/>\n<meta property=\"og:title\" content=\"Pol\u00edtica de Privacidad\" \/>\n<meta property=\"og:description\" content=\"Lea sobre c\u00f3mo usamos y protegemos sus datos personales. \u00daLTIMA ACTUALIZACI\u00d3N EN JUNIO DE 2020 A los efectos de la Ley de Protecci\u00f3n de Datos de 2018, somos el controlador de datos. \u00bfQU\u00c9 DATOS RECOPILAMOS? Recopilamos datos de usted para proporcionar un servicio espec\u00edfico y efectivo. Recopilamos los datos m\u00ednimos necesarios para este prop\u00f3sito. Esto&hellip;\" \/>\n<meta property=\"og:url\" content=\"https:\/\/healingbodyandsoul.com\/es\/politica-de-privacidad-maria-martinez-perez-hypnotherapist\/\" \/>\n<meta property=\"og:site_name\" content=\"Sanando Cuerpo y Alma\" \/>\n<meta property=\"article:modified_time\" content=\"2020-09-06T11:52:13+00:00\" \/>\n<meta property=\"og:image\" content=\"https:\/\/healingbodyandsoul.com\/wp-content\/uploads\/2020\/08\/maria-martinez-perez-hypnotherapist.jpg\" \/>\n\t<meta property=\"og:image:width\" content=\"235\" \/>\n\t<meta property=\"og:image:height\" content=\"426\" \/>\n\t<meta property=\"og:image:type\" content=\"image\/jpeg\" \/>\n<meta name=\"twitter:card\" content=\"summary_large_image\" \/>\n<meta name=\"twitter:label1\" content=\"Tiempo de lectura\" \/>\n\t<meta name=\"twitter:data1\" content=\"3 minutos\" \/>\n<script type=\"application\/ld+json\" class=\"yoast-schema-graph\">{\"@context\":\"https:\\\/\\\/schema.org\",\"@graph\":[{\"@type\":\"WebPage\",\"@id\":\"https:\\\/\\\/healingbodyandsoul.com\\\/es\\\/politica-de-privacidad-maria-martinez-perez-hypnotherapist\\\/\",\"url\":\"https:\\\/\\\/healingbodyandsoul.com\\\/es\\\/politica-de-privacidad-maria-martinez-perez-hypnotherapist\\\/\",\"name\":\"Privacy Policy - Sanando Cuerpo y Alma\",\"isPartOf\":{\"@id\":\"https:\\\/\\\/healingbodyandsoul.com\\\/#website\"},\"datePublished\":\"2020-08-21T16:10:12+00:00\",\"dateModified\":\"2020-09-06T11:52:13+00:00\",\"breadcrumb\":{\"@id\":\"https:\\\/\\\/healingbodyandsoul.com\\\/es\\\/politica-de-privacidad-maria-martinez-perez-hypnotherapist\\\/#breadcrumb\"},\"inLanguage\":\"es\",\"potentialAction\":[{\"@type\":\"ReadAction\",\"target\":[\"https:\\\/\\\/healingbodyandsoul.com\\\/es\\\/politica-de-privacidad-maria-martinez-perez-hypnotherapist\\\/\"]}]},{\"@type\":\"BreadcrumbList\",\"@id\":\"https:\\\/\\\/healingbodyandsoul.com\\\/es\\\/politica-de-privacidad-maria-martinez-perez-hypnotherapist\\\/#breadcrumb\",\"itemListElement\":[{\"@type\":\"ListItem\",\"position\":1,\"name\":\"Home\",\"item\":\"https:\\\/\\\/healingbodyandsoul.com\\\/\"},{\"@type\":\"ListItem\",\"position\":2,\"name\":\"Pol\u00edtica de Privacidad\"}]},{\"@type\":\"WebSite\",\"@id\":\"https:\\\/\\\/healingbodyandsoul.com\\\/es\\\/#website\",\"url\":\"https:\\\/\\\/healingbodyandsoul.com\\\/es\\\/\",\"name\":\"Sanando Cuerpo y Alma\",\"description\":\"Descubre Qui\u00e9n eres Realmente ...\",\"publisher\":{\"@id\":\"https:\\\/\\\/healingbodyandsoul.com\\\/es\\\/#\\\/schema\\\/person\\\/091fdec5efbb29925e28eb7e5a96c47c\"},\"potentialAction\":[{\"@type\":\"SearchAction\",\"target\":{\"@type\":\"EntryPoint\",\"urlTemplate\":\"https:\\\/\\\/healingbodyandsoul.com\\\/es\\\/?s={search_term_string}\"},\"query-input\":{\"@type\":\"PropertyValueSpecification\",\"valueRequired\":true,\"valueName\":\"search_term_string\"}}],\"inLanguage\":\"es\"},{\"@type\":[\"Person\",\"Organization\"],\"@id\":\"https:\\\/\\\/healingbodyandsoul.com\\\/es\\\/#\\\/schema\\\/person\\\/091fdec5efbb29925e28eb7e5a96c47c\",\"name\":\"Maria Angeles Perez\",\"image\":{\"@type\":\"ImageObject\",\"inLanguage\":\"es\",\"@id\":\"https:\\\/\\\/healingbodyandsoul.com\\\/wp-content\\\/uploads\\\/2020\\\/08\\\/maria-martinez-perez-hypnotherapist.jpg\",\"url\":\"https:\\\/\\\/healingbodyandsoul.com\\\/wp-content\\\/uploads\\\/2020\\\/08\\\/maria-martinez-perez-hypnotherapist.jpg\",\"contentUrl\":\"https:\\\/\\\/healingbodyandsoul.com\\\/wp-content\\\/uploads\\\/2020\\\/08\\\/maria-martinez-perez-hypnotherapist.jpg\",\"width\":235,\"height\":426,\"caption\":\"Maria Angeles Perez\"},\"logo\":{\"@id\":\"https:\\\/\\\/healingbodyandsoul.com\\\/wp-content\\\/uploads\\\/2020\\\/08\\\/maria-martinez-perez-hypnotherapist.jpg\"},\"sameAs\":[\"https:\\\/\\\/healingbodyandsoul.com\\\/\"]}]}<\/script>\n<!-- \/ Yoast SEO plugin. -->","yoast_head_json":{"title":"Pol\u00edtica de Privacidad","description":"Lea sobre c\u00f3mo usamos y protegemos sus datos personales. \u00daLTIMA ACTUALIZACI\u00d3N EN JUNIO DE 2020 A los efectos de la Ley de Protecci\u00f3n de Datos de 2018, somos el controlador de datos. \u00bfQU\u00c9 DATOS RECOPILAMOS? Recopilamos datos de usted para proporcionar un servicio espec\u00edfico y efectivo. Recopilamos los datos m\u00ednimos necesarios para este prop\u00f3sito. Esto&hellip;","robots":{"index":"index","follow":"follow","max-snippet":"max-snippet:-1","max-image-preview":"max-image-preview:large","max-video-preview":"max-video-preview:-1"},"canonical":"Lea sobre c\u00f3mo usamos y protegemos sus datos personales. \u00daLTIMA ACTUALIZACI\u00d3N EN JUNIO DE 2020 A los efectos de la Ley de Protecci\u00f3n de Datos de 2018, somos el controlador de datos. \u00bfQU\u00c9 DATOS RECOPILAMOS? Recopilamos datos de usted para proporcionar un servicio espec\u00edfico y efectivo. Recopilamos los datos m\u00ednimos necesarios para este prop\u00f3sito. Esto&hellip;","og_locale":"es_ES","og_type":"article","og_title":"Pol\u00edtica de Privacidad","og_description":"Lea sobre c\u00f3mo usamos y protegemos sus datos personales. \u00daLTIMA ACTUALIZACI\u00d3N EN JUNIO DE 2020 A los efectos de la Ley de Protecci\u00f3n de Datos de 2018, somos el controlador de datos. \u00bfQU\u00c9 DATOS RECOPILAMOS? Recopilamos datos de usted para proporcionar un servicio espec\u00edfico y efectivo. Recopilamos los datos m\u00ednimos necesarios para este prop\u00f3sito. Esto&hellip;","og_url":"https:\/\/healingbodyandsoul.com\/es\/politica-de-privacidad-maria-martinez-perez-hypnotherapist\/","og_site_name":"Sanando Cuerpo y Alma","article_modified_time":"2020-09-06T11:52:13+00:00","og_image":[{"width":235,"height":426,"url":"https:\/\/healingbodyandsoul.com\/wp-content\/uploads\/2020\/08\/maria-martinez-perez-hypnotherapist.jpg","type":"image\/jpeg"}],"twitter_card":"summary_large_image","twitter_misc":{"Tiempo de lectura":"3 minutos"},"schema":{"@context":"https:\/\/schema.org","@graph":[{"@type":"WebPage","@id":"https:\/\/healingbodyandsoul.com\/es\/politica-de-privacidad-maria-martinez-perez-hypnotherapist\/","url":"https:\/\/healingbodyandsoul.com\/es\/politica-de-privacidad-maria-martinez-perez-hypnotherapist\/","name":"Privacy Policy - Sanando Cuerpo y Alma","isPartOf":{"@id":"https:\/\/healingbodyandsoul.com\/#website"},"datePublished":"2020-08-21T16:10:12+00:00","dateModified":"2020-09-06T11:52:13+00:00","breadcrumb":{"@id":"https:\/\/healingbodyandsoul.com\/es\/politica-de-privacidad-maria-martinez-perez-hypnotherapist\/#breadcrumb"},"inLanguage":"es","potentialAction":[{"@type":"ReadAction","target":["https:\/\/healingbodyandsoul.com\/es\/politica-de-privacidad-maria-martinez-perez-hypnotherapist\/"]}]},{"@type":"BreadcrumbList","@id":"https:\/\/healingbodyandsoul.com\/es\/politica-de-privacidad-maria-martinez-perez-hypnotherapist\/#breadcrumb","itemListElement":[{"@type":"ListItem","position":1,"name":"Home","item":"https:\/\/healingbodyandsoul.com\/"},{"@type":"ListItem","position":2,"name":"Pol\u00edtica de Privacidad"}]},{"@type":"WebSite","@id":"https:\/\/healingbodyandsoul.com\/es\/#website","url":"https:\/\/healingbodyandsoul.com\/es\/","name":"Sanando Cuerpo y Alma","description":"Descubre Qui\u00e9n eres Realmente ...","publisher":{"@id":"https:\/\/healingbodyandsoul.com\/es\/#\/schema\/person\/091fdec5efbb29925e28eb7e5a96c47c"},"potentialAction":[{"@type":"SearchAction","target":{"@type":"EntryPoint","urlTemplate":"https:\/\/healingbodyandsoul.com\/es\/?s={search_term_string}"},"query-input":{"@type":"PropertyValueSpecification","valueRequired":true,"valueName":"search_term_string"}}],"inLanguage":"es"},{"@type":["Person","Organization"],"@id":"https:\/\/healingbodyandsoul.com\/es\/#\/schema\/person\/091fdec5efbb29925e28eb7e5a96c47c","name":"Maria Angeles Perez","image":{"@type":"ImageObject","inLanguage":"es","@id":"https:\/\/healingbodyandsoul.com\/wp-content\/uploads\/2020\/08\/maria-martinez-perez-hypnotherapist.jpg","url":"https:\/\/healingbodyandsoul.com\/wp-content\/uploads\/2020\/08\/maria-martinez-perez-hypnotherapist.jpg","contentUrl":"https:\/\/healingbodyandsoul.com\/wp-content\/uploads\/2020\/08\/maria-martinez-perez-hypnotherapist.jpg","width":235,"height":426,"caption":"Maria Angeles Perez"},"logo":{"@id":"https:\/\/healingbodyandsoul.com\/wp-content\/uploads\/2020\/08\/maria-martinez-perez-hypnotherapist.jpg"},"sameAs":["https:\/\/healingbodyandsoul.com\/"]}]}},"_links":{"self":[{"href":"https:\/\/healingbodyandsoul.com\/es\/wp-json\/wp\/v2\/pages\/592","targetHints":{"allow":["GET"]}}],"collection":[{"href":"https:\/\/healingbodyandsoul.com\/es\/wp-json\/wp\/v2\/pages"}],"about":[{"href":"https:\/\/healingbodyandsoul.com\/es\/wp-json\/wp\/v2\/types\/page"}],"author":[{"embeddable":true,"href":"https:\/\/healingbodyandsoul.com\/es\/wp-json\/wp\/v2\/users\/2"}],"replies":[{"embeddable":true,"href":"https:\/\/healingbodyandsoul.com\/es\/wp-json\/wp\/v2\/comments?post=592"}],"version-history":[{"count":0,"href":"https:\/\/healingbodyandsoul.com\/es\/wp-json\/wp\/v2\/pages\/592\/revisions"}],"wp:attachment":[{"href":"https:\/\/healingbodyandsoul.com\/es\/wp-json\/wp\/v2\/media?parent=592"}],"curies":[{"name":"wp","href":"https:\/\/api.w.org\/{rel}","templated":true}]}}