{"id":631,"date":"2020-08-22T13:10:04","date_gmt":"2020-08-22T13:10:04","guid":{"rendered":"https:\/\/mariahypnotherapy.com\/DEV\/?page_id=631"},"modified":"2021-02-12T19:18:12","modified_gmt":"2021-02-12T19:18:12","slug":"does-quantum-hypnosis-really-work-client-testimonials","status":"publish","type":"page","link":"https:\/\/healingbodyandsoul.com\/es\/puede-la-sanacion-holistica-funcionar-para-mi-testimonios\/","title":{"rendered":"\u00bfPuede la sanaci\u00f3n hol\u00edstica funcionar para m\u00ed? testimonios de clientes"},"content":{"rendered":"<blockquote>\n<p>Tuve una sesi\u00f3n de hipnosis introspectiva con Mar\u00eda esta semana. Despu\u00e9s de pedir orientaci\u00f3n y apoyo a los reinos ang\u00e9licos, la ayuda lleg\u00f3 a trav\u00e9s de Mar\u00eda. Para m\u00ed, las sesiones sacaron a la luz algunas partes de m\u00ed misma que necesitaban sanaci\u00f3n, de esta vida y tambi\u00e9n de vidas pasadas. Estoy llena de agradecimiento y recomiendo las sesiones desde el fondo de mi coraz\u00f3n. Mar\u00eda me ayud\u00f3 a abrirme, perdonarme a m\u00ed misma y a los dem\u00e1s y sanar. Ella es un \u00e1ngel en forma humana.\u00a0\u00a1Con mucho amor! \ud83c\udf39<br \/>Alexandra<\/p>\n<p>\u2018Una sesi\u00f3n de regresi\u00f3n siempre es sorprendente. Las intrincadas historias que se desarrollan en la mente subconsciente nunca son lo que esperas que sean. Esto s\u00f3lo desaf\u00eda la idea, que generalmente tenemos, de que lo estamos inventando todo \u201c\u00a0Gracias, Mar\u00eda<\/p>\n<p>Christina Bucher, periodista.<\/p>\n<p>&nbsp;<\/p>\n<p>Una de las experiencias m\u00e1s bellas y poderosas con resultados de sanaci\u00f3n instant\u00e1nea.Gracias Maria! \ud83c\udf39 &#8211; Emilia<\/p>\n<p>&nbsp;<\/p>\n<\/blockquote>\n<blockquote>\n<p>Hola Maria, Ha pasado una semana desde mi sesi\u00f3n de QHHT con usted y solo quer\u00eda dejarle una l\u00ednea y decir &#8216;gracias&#8217; y hacerle saber c\u00f3mo me est\u00e1 yendo.<\/p>\n<p>Me he sentido mucho m\u00e1s tranquila\u00a0y positiva\u00a0desde la sesi\u00f3n. No puedo decir que estoy completamente \u00ablibre\u00bb de algunas de las cosas que hablamos, pero mis pensamientos son definitivamente menos intrusivos y mucho m\u00e1s en perspectiva. Seguir\u00e9 escuchando la grabaci\u00f3n y espero una mayor integraci\u00f3n de nuestra sesi\u00f3n en las pr\u00f3ximas semanas.<\/p>\n<p>Gracias de nuevo. Fue una experiencia maravillosa y fuiste una practicante muy comprensiva y compasiva &#8211; Stella<\/p>\n<p>&nbsp;<\/p>\n<p>Hola Maria<\/p>\n<p>Gracias por su apoyo durante las sesiones que tuvimos. \u00a1No puedo creer que ya haya pasado una semana! Me ha impresionado bastante la experiencia, la profundidad de la informaci\u00f3n dada, los sentimientos que siguen siendo las dos vidas pasadas, especialmente el esp\u00edritu del \u00e1rbol que todav\u00eda es muy poderoso y est\u00e1 comenzando a integrar todo esto.<\/p>\n<p>Espero que mi liberaci\u00f3n se haga m\u00e1s evidente con el tiempo. Ya me siento mucho m\u00e1s tranquila, centrada y en paz. Es bueno tener la fuerza de esas 2 vidas para concentrarse en lugar del trauma que hab\u00eda sentido. Luz de amor<\/p>\n<p>Ella x<\/p>\n<p>&nbsp;<\/p>\n<p>Tuve una sesi\u00f3n con resultados inesperados. Como apenas puedo visualizar, pens\u00e9 que ser\u00eda casi imposible entrar en trance, y mucho menos obtener ning\u00fan resultado. Un par de semanas despu\u00e9s, todav\u00eda estoy sorprendida\u00a0por lo bien que sali\u00f3 (tengo algunas dudas pero creo que es normal).<\/p>\n<p>Soy muy racional y hay cosas que ocurrieron durante la sesi\u00f3n que no puedo explicar. Uno de mis s\u00edntomas f\u00edsicos no ha regresado desde entonces. Todav\u00eda estoy esperando ver otros resultados. En cualquier caso, me ayud\u00f3 mucho a comprender los acontecimientos de mi vida y estoy trabajando para tener una comunicaci\u00f3n permanente y clara con mi ser superior.<\/p>\n<p>Elegir a la persona adecuada es la parte m\u00e1s importante de su terapia. En mi caso, tuve la suerte de tener a Maria Angeles cuando el Universo la puso en mi b\u00fasqueda. Realmente creo que ella era perfecta para eso y solo puedo recomendarla con mi eterna gratitud por las largas horas y el gran trabajo que hizo. Gracias y podr\u00eda volver a verte en un futuro pr\u00f3ximo. Amor y luz<\/p>\n<p class=\"wb-stl-footer\"><strong>Mar Sanchez<\/strong><\/p>\n<\/blockquote>\n","protected":false},"excerpt":{"rendered":"<p>Tuve una sesi\u00f3n de hipnosis introspectiva con Mar\u00eda esta semana. Despu\u00e9s de pedir orientaci\u00f3n y apoyo a los reinos ang\u00e9licos, la ayuda lleg\u00f3 a trav\u00e9s de Mar\u00eda. Para m\u00ed, las&#8230;<\/p>\n","protected":false},"author":2,"featured_media":1116,"parent":0,"menu_order":0,"comment_status":"closed","ping_status":"closed","template":"","meta":{"footnotes":""},"class_list":["post-631","page","type-page","status-publish","has-post-thumbnail","hentry"],"yoast_head":"<!-- This site is optimized with the Yoast SEO plugin v27.5 - https:\/\/yoast.com\/product\/yoast-seo-wordpress\/ -->\n<title>\u00bfPuede la sanaci\u00f3n hol\u00edstica funcionar para m\u00ed? testimonios de clientes<\/title>\n<meta name=\"description\" content=\"Tuve una sesi\u00f3n de hipnosis introspectiva con Mar\u00eda esta semana. Despu\u00e9s de pedir orientaci\u00f3n y apoyo a los reinos ang\u00e9licos, la ayuda lleg\u00f3 a trav\u00e9s de Mar\u00eda. Para m\u00ed, las sesiones sacaron a la luz algunas partes de m\u00ed misma que necesitaban sanaci\u00f3n, de esta vida y tambi\u00e9n de vidas pasadas. Estoy llena de agradecimiento&hellip;\" \/>\n<meta name=\"robots\" content=\"index, follow, max-snippet:-1, max-image-preview:large, max-video-preview:-1\" \/>\n<link rel=\"canonical\" href=\"http:\/\/Tuve%20una%20sesi\u00f3n%20de%20hipnosis%20introspectiva%20con%20Mar\u00eda%20esta%20semana.%20Despu\u00e9s%20de%20pedir%20orientaci\u00f3n%20y%20apoyo%20a%20los%20reinos%20ang\u00e9licos,%20la%20ayuda%20lleg\u00f3%20a%20trav\u00e9s%20de%20Mar\u00eda.%20Para%20m\u00ed,%20las%20sesiones%20sacaron%20a%20la%20luz%20algunas%20partes%20de%20m\u00ed%20misma%20que%20necesitaban%20sanaci\u00f3n,%20de%20esta%20vida%20y%20tambi\u00e9n%20de%20vidas%20pasadas.%20Estoy%20llena%20de%20agradecimiento&hellip;\" \/>\n<meta property=\"og:locale\" content=\"es_ES\" \/>\n<meta property=\"og:type\" content=\"article\" \/>\n<meta property=\"og:title\" content=\"\u00bfPuede la sanaci\u00f3n hol\u00edstica funcionar para m\u00ed? testimonios de clientes\" \/>\n<meta property=\"og:description\" content=\"Tuve una sesi\u00f3n de hipnosis introspectiva con Mar\u00eda esta semana. Despu\u00e9s de pedir orientaci\u00f3n y apoyo a los reinos ang\u00e9licos, la ayuda lleg\u00f3 a trav\u00e9s de Mar\u00eda. Para m\u00ed, las sesiones sacaron a la luz algunas partes de m\u00ed misma que necesitaban sanaci\u00f3n, de esta vida y tambi\u00e9n de vidas pasadas. Estoy llena de agradecimiento&hellip;\" \/>\n<meta property=\"og:url\" content=\"https:\/\/healingbodyandsoul.com\/es\/puede-la-sanacion-holistica-funcionar-para-mi-testimonios\/\" \/>\n<meta property=\"og:site_name\" content=\"Sanando Cuerpo y Alma\" \/>\n<meta property=\"article:modified_time\" content=\"2021-02-12T19:18:12+00:00\" \/>\n<meta property=\"og:image\" content=\"https:\/\/healingbodyandsoul.com\/wp-content\/uploads\/2020\/09\/past-life-regression-experience-testimonial-1.png\" \/>\n\t<meta property=\"og:image:width\" content=\"600\" \/>\n\t<meta property=\"og:image:height\" content=\"400\" \/>\n\t<meta property=\"og:image:type\" content=\"image\/png\" \/>\n<meta name=\"twitter:card\" content=\"summary_large_image\" \/>\n<meta name=\"twitter:label1\" content=\"Tiempo de lectura\" \/>\n\t<meta name=\"twitter:data1\" content=\"9 minutos\" \/>\n<script type=\"application\/ld+json\" class=\"yoast-schema-graph\">{\"@context\":\"https:\\\/\\\/schema.org\",\"@graph\":[{\"@type\":\"WebPage\",\"@id\":\"https:\\\/\\\/healingbodyandsoul.com\\\/es\\\/puede-la-sanacion-holistica-funcionar-para-mi-testimonios\\\/\",\"url\":\"https:\\\/\\\/healingbodyandsoul.com\\\/es\\\/puede-la-sanacion-holistica-funcionar-para-mi-testimonios\\\/\",\"name\":\"Can Quantum Hypnosis Work for me? Client Testimonials - Sanando Cuerpo y Alma\",\"isPartOf\":{\"@id\":\"https:\\\/\\\/healingbodyandsoul.com\\\/#website\"},\"primaryImageOfPage\":{\"@id\":\"https:\\\/\\\/healingbodyandsoul.com\\\/es\\\/puede-la-sanacion-holistica-funcionar-para-mi-testimonios\\\/#primaryimage\"},\"image\":{\"@id\":\"https:\\\/\\\/healingbodyandsoul.com\\\/es\\\/puede-la-sanacion-holistica-funcionar-para-mi-testimonios\\\/#primaryimage\"},\"thumbnailUrl\":\"https:\\\/\\\/healingbodyandsoul.com\\\/wp-content\\\/uploads\\\/2020\\\/09\\\/past-life-regression-experience-testimonial-1.png\",\"datePublished\":\"2020-08-22T13:10:04+00:00\",\"dateModified\":\"2021-02-12T19:18:12+00:00\",\"breadcrumb\":{\"@id\":\"https:\\\/\\\/healingbodyandsoul.com\\\/es\\\/puede-la-sanacion-holistica-funcionar-para-mi-testimonios\\\/#breadcrumb\"},\"inLanguage\":\"es\",\"potentialAction\":[{\"@type\":\"ReadAction\",\"target\":[\"https:\\\/\\\/healingbodyandsoul.com\\\/es\\\/puede-la-sanacion-holistica-funcionar-para-mi-testimonios\\\/\"]}]},{\"@type\":\"ImageObject\",\"inLanguage\":\"es\",\"@id\":\"https:\\\/\\\/healingbodyandsoul.com\\\/es\\\/puede-la-sanacion-holistica-funcionar-para-mi-testimonios\\\/#primaryimage\",\"url\":\"https:\\\/\\\/healingbodyandsoul.com\\\/wp-content\\\/uploads\\\/2020\\\/09\\\/past-life-regression-experience-testimonial-1.png\",\"contentUrl\":\"https:\\\/\\\/healingbodyandsoul.com\\\/wp-content\\\/uploads\\\/2020\\\/09\\\/past-life-regression-experience-testimonial-1.png\",\"width\":600,\"height\":400},{\"@type\":\"BreadcrumbList\",\"@id\":\"https:\\\/\\\/healingbodyandsoul.com\\\/es\\\/puede-la-sanacion-holistica-funcionar-para-mi-testimonios\\\/#breadcrumb\",\"itemListElement\":[{\"@type\":\"ListItem\",\"position\":1,\"name\":\"Home\",\"item\":\"https:\\\/\\\/healingbodyandsoul.com\\\/\"},{\"@type\":\"ListItem\",\"position\":2,\"name\":\"\u00bfPuede la sanaci\u00f3n hol\u00edstica funcionar para m\u00ed? testimonios de clientes\"}]},{\"@type\":\"WebSite\",\"@id\":\"https:\\\/\\\/healingbodyandsoul.com\\\/es\\\/#website\",\"url\":\"https:\\\/\\\/healingbodyandsoul.com\\\/es\\\/\",\"name\":\"Sanando Cuerpo y Alma\",\"description\":\"Descubre Qui\u00e9n eres Realmente ...\",\"publisher\":{\"@id\":\"https:\\\/\\\/healingbodyandsoul.com\\\/es\\\/#\\\/schema\\\/person\\\/091fdec5efbb29925e28eb7e5a96c47c\"},\"potentialAction\":[{\"@type\":\"SearchAction\",\"target\":{\"@type\":\"EntryPoint\",\"urlTemplate\":\"https:\\\/\\\/healingbodyandsoul.com\\\/es\\\/?s={search_term_string}\"},\"query-input\":{\"@type\":\"PropertyValueSpecification\",\"valueRequired\":true,\"valueName\":\"search_term_string\"}}],\"inLanguage\":\"es\"},{\"@type\":[\"Person\",\"Organization\"],\"@id\":\"https:\\\/\\\/healingbodyandsoul.com\\\/es\\\/#\\\/schema\\\/person\\\/091fdec5efbb29925e28eb7e5a96c47c\",\"name\":\"Maria Angeles Perez\",\"image\":{\"@type\":\"ImageObject\",\"inLanguage\":\"es\",\"@id\":\"https:\\\/\\\/healingbodyandsoul.com\\\/wp-content\\\/uploads\\\/2020\\\/08\\\/maria-martinez-perez-hypnotherapist.jpg\",\"url\":\"https:\\\/\\\/healingbodyandsoul.com\\\/wp-content\\\/uploads\\\/2020\\\/08\\\/maria-martinez-perez-hypnotherapist.jpg\",\"contentUrl\":\"https:\\\/\\\/healingbodyandsoul.com\\\/wp-content\\\/uploads\\\/2020\\\/08\\\/maria-martinez-perez-hypnotherapist.jpg\",\"width\":235,\"height\":426,\"caption\":\"Maria Angeles Perez\"},\"logo\":{\"@id\":\"https:\\\/\\\/healingbodyandsoul.com\\\/wp-content\\\/uploads\\\/2020\\\/08\\\/maria-martinez-perez-hypnotherapist.jpg\"},\"sameAs\":[\"https:\\\/\\\/healingbodyandsoul.com\\\/\"]}]}<\/script>\n<!-- \/ Yoast SEO plugin. -->","yoast_head_json":{"title":"\u00bfPuede la sanaci\u00f3n hol\u00edstica funcionar para m\u00ed? testimonios de clientes","description":"Tuve una sesi\u00f3n de hipnosis introspectiva con Mar\u00eda esta semana. Despu\u00e9s de pedir orientaci\u00f3n y apoyo a los reinos ang\u00e9licos, la ayuda lleg\u00f3 a trav\u00e9s de Mar\u00eda. Para m\u00ed, las sesiones sacaron a la luz algunas partes de m\u00ed misma que necesitaban sanaci\u00f3n, de esta vida y tambi\u00e9n de vidas pasadas. Estoy llena de agradecimiento&hellip;","robots":{"index":"index","follow":"follow","max-snippet":"max-snippet:-1","max-image-preview":"max-image-preview:large","max-video-preview":"max-video-preview:-1"},"canonical":"Tuve una sesi\u00f3n de hipnosis introspectiva con Mar\u00eda esta semana. Despu\u00e9s de pedir orientaci\u00f3n y apoyo a los reinos ang\u00e9licos, la ayuda lleg\u00f3 a trav\u00e9s de Mar\u00eda. Para m\u00ed, las sesiones sacaron a la luz algunas partes de m\u00ed misma que necesitaban sanaci\u00f3n, de esta vida y tambi\u00e9n de vidas pasadas. Estoy llena de agradecimiento&hellip;","og_locale":"es_ES","og_type":"article","og_title":"\u00bfPuede la sanaci\u00f3n hol\u00edstica funcionar para m\u00ed? testimonios de clientes","og_description":"Tuve una sesi\u00f3n de hipnosis introspectiva con Mar\u00eda esta semana. Despu\u00e9s de pedir orientaci\u00f3n y apoyo a los reinos ang\u00e9licos, la ayuda lleg\u00f3 a trav\u00e9s de Mar\u00eda. Para m\u00ed, las sesiones sacaron a la luz algunas partes de m\u00ed misma que necesitaban sanaci\u00f3n, de esta vida y tambi\u00e9n de vidas pasadas. Estoy llena de agradecimiento&hellip;","og_url":"https:\/\/healingbodyandsoul.com\/es\/puede-la-sanacion-holistica-funcionar-para-mi-testimonios\/","og_site_name":"Sanando Cuerpo y Alma","article_modified_time":"2021-02-12T19:18:12+00:00","og_image":[{"width":600,"height":400,"url":"https:\/\/healingbodyandsoul.com\/wp-content\/uploads\/2020\/09\/past-life-regression-experience-testimonial-1.png","type":"image\/png"}],"twitter_card":"summary_large_image","twitter_misc":{"Tiempo de lectura":"9 minutos"},"schema":{"@context":"https:\/\/schema.org","@graph":[{"@type":"WebPage","@id":"https:\/\/healingbodyandsoul.com\/es\/puede-la-sanacion-holistica-funcionar-para-mi-testimonios\/","url":"https:\/\/healingbodyandsoul.com\/es\/puede-la-sanacion-holistica-funcionar-para-mi-testimonios\/","name":"Can Quantum Hypnosis Work for me? Client Testimonials - Sanando Cuerpo y Alma","isPartOf":{"@id":"https:\/\/healingbodyandsoul.com\/#website"},"primaryImageOfPage":{"@id":"https:\/\/healingbodyandsoul.com\/es\/puede-la-sanacion-holistica-funcionar-para-mi-testimonios\/#primaryimage"},"image":{"@id":"https:\/\/healingbodyandsoul.com\/es\/puede-la-sanacion-holistica-funcionar-para-mi-testimonios\/#primaryimage"},"thumbnailUrl":"https:\/\/healingbodyandsoul.com\/wp-content\/uploads\/2020\/09\/past-life-regression-experience-testimonial-1.png","datePublished":"2020-08-22T13:10:04+00:00","dateModified":"2021-02-12T19:18:12+00:00","breadcrumb":{"@id":"https:\/\/healingbodyandsoul.com\/es\/puede-la-sanacion-holistica-funcionar-para-mi-testimonios\/#breadcrumb"},"inLanguage":"es","potentialAction":[{"@type":"ReadAction","target":["https:\/\/healingbodyandsoul.com\/es\/puede-la-sanacion-holistica-funcionar-para-mi-testimonios\/"]}]},{"@type":"ImageObject","inLanguage":"es","@id":"https:\/\/healingbodyandsoul.com\/es\/puede-la-sanacion-holistica-funcionar-para-mi-testimonios\/#primaryimage","url":"https:\/\/healingbodyandsoul.com\/wp-content\/uploads\/2020\/09\/past-life-regression-experience-testimonial-1.png","contentUrl":"https:\/\/healingbodyandsoul.com\/wp-content\/uploads\/2020\/09\/past-life-regression-experience-testimonial-1.png","width":600,"height":400},{"@type":"BreadcrumbList","@id":"https:\/\/healingbodyandsoul.com\/es\/puede-la-sanacion-holistica-funcionar-para-mi-testimonios\/#breadcrumb","itemListElement":[{"@type":"ListItem","position":1,"name":"Home","item":"https:\/\/healingbodyandsoul.com\/"},{"@type":"ListItem","position":2,"name":"\u00bfPuede la sanaci\u00f3n hol\u00edstica funcionar para m\u00ed? testimonios de clientes"}]},{"@type":"WebSite","@id":"https:\/\/healingbodyandsoul.com\/es\/#website","url":"https:\/\/healingbodyandsoul.com\/es\/","name":"Sanando Cuerpo y Alma","description":"Descubre Qui\u00e9n eres Realmente ...","publisher":{"@id":"https:\/\/healingbodyandsoul.com\/es\/#\/schema\/person\/091fdec5efbb29925e28eb7e5a96c47c"},"potentialAction":[{"@type":"SearchAction","target":{"@type":"EntryPoint","urlTemplate":"https:\/\/healingbodyandsoul.com\/es\/?s={search_term_string}"},"query-input":{"@type":"PropertyValueSpecification","valueRequired":true,"valueName":"search_term_string"}}],"inLanguage":"es"},{"@type":["Person","Organization"],"@id":"https:\/\/healingbodyandsoul.com\/es\/#\/schema\/person\/091fdec5efbb29925e28eb7e5a96c47c","name":"Maria Angeles Perez","image":{"@type":"ImageObject","inLanguage":"es","@id":"https:\/\/healingbodyandsoul.com\/wp-content\/uploads\/2020\/08\/maria-martinez-perez-hypnotherapist.jpg","url":"https:\/\/healingbodyandsoul.com\/wp-content\/uploads\/2020\/08\/maria-martinez-perez-hypnotherapist.jpg","contentUrl":"https:\/\/healingbodyandsoul.com\/wp-content\/uploads\/2020\/08\/maria-martinez-perez-hypnotherapist.jpg","width":235,"height":426,"caption":"Maria Angeles Perez"},"logo":{"@id":"https:\/\/healingbodyandsoul.com\/wp-content\/uploads\/2020\/08\/maria-martinez-perez-hypnotherapist.jpg"},"sameAs":["https:\/\/healingbodyandsoul.com\/"]}]}},"_links":{"self":[{"href":"https:\/\/healingbodyandsoul.com\/es\/wp-json\/wp\/v2\/pages\/631","targetHints":{"allow":["GET"]}}],"collection":[{"href":"https:\/\/healingbodyandsoul.com\/es\/wp-json\/wp\/v2\/pages"}],"about":[{"href":"https:\/\/healingbodyandsoul.com\/es\/wp-json\/wp\/v2\/types\/page"}],"author":[{"embeddable":true,"href":"https:\/\/healingbodyandsoul.com\/es\/wp-json\/wp\/v2\/users\/2"}],"replies":[{"embeddable":true,"href":"https:\/\/healingbodyandsoul.com\/es\/wp-json\/wp\/v2\/comments?post=631"}],"version-history":[{"count":5,"href":"https:\/\/healingbodyandsoul.com\/es\/wp-json\/wp\/v2\/pages\/631\/revisions"}],"predecessor-version":[{"id":1273,"href":"https:\/\/healingbodyandsoul.com\/es\/wp-json\/wp\/v2\/pages\/631\/revisions\/1273"}],"wp:featuredmedia":[{"embeddable":true,"href":"https:\/\/healingbodyandsoul.com\/es\/wp-json\/wp\/v2\/media\/1116"}],"wp:attachment":[{"href":"https:\/\/healingbodyandsoul.com\/es\/wp-json\/wp\/v2\/media?parent=631"}],"curies":[{"name":"wp","href":"https:\/\/api.w.org\/{rel}","templated":true}]}}