{"id":98,"date":"2019-10-23T10:55:43","date_gmt":"2019-10-23T10:55:43","guid":{"rendered":"https:\/\/demo.everestthemes.com\/influence-blog\/free-demo-i\/?page_id=98"},"modified":"2022-08-25T20:08:10","modified_gmt":"2022-08-25T20:08:10","slug":"quantum-holistic-healing-hypnotherapist-hull-north-lincolnshire-uk","status":"publish","type":"page","link":"https:\/\/healingbodyandsoul.com\/es\/maria-martinez-perez-biografia\/","title":{"rendered":"Maria Martinez-Perez, PCHyp, GQHP, PDHyp, CNHC registrada"},"content":{"rendered":"\r\n<div class=\"wp-block-columns has-2-columns is-layout-flex wp-container-core-columns-is-layout-9d6595d7 wp-block-columns-is-layout-flex\">\r\n<div class=\"wp-block-column is-layout-flow wp-block-column-is-layout-flow\" style=\"flex-basis: 33.33%;\">\r\n<figure class=\"wp-block-image size-large is-style-rounded\"><img loading=\"lazy\" decoding=\"async\" width=\"235\" height=\"426\" class=\"wp-image-600\" src=\"https:\/\/mariahypnotherapy.com\/DEV\/wp-content\/uploads\/2020\/08\/maria-martinez-perez-hypnotherapist.jpg\" alt=\"maria martinez perez hypnotherapist\" srcset=\"https:\/\/healingbodyandsoul.com\/wp-content\/uploads\/2020\/08\/maria-martinez-perez-hypnotherapist.jpg 235w, https:\/\/healingbodyandsoul.com\/wp-content\/uploads\/2020\/08\/maria-martinez-perez-hypnotherapist-165x300.jpg 165w\" sizes=\"auto, (max-width: 235px) 100vw, 235px\" \/>\r\n<figcaption>Maria Martinez Perez<\/figcaption>\r\n<\/figure>\r\n<\/div>\r\n\r\n\r\n\r\n<div class=\"wp-block-column is-layout-flow wp-block-column-is-layout-flow\" style=\"flex-basis: 66.66%;\">\r\n<h3 class=\"wb-stl-heading1\">BIOGRAF\u00cdA<\/h3>\r\n<p>Mar\u00eda ha ayudado a sus clientes a alcanzar todo el potencial en sus vidas desde el 2012. Su formaci\u00f3n original fue en Derecho y Finanzas, donde trabaj\u00f3 durante casi 20 a\u00f1os. Pero siempre le interes\u00f3 la psicolog\u00eda y cualquier ciencia relacionada con la mente y el comportamiento. A mediados de la d\u00e9cada de 2000, comenz\u00f3 a estudiar diferentes terapias complementarias y alternativas, incluyendo Reiki, PNL, Life Coaching, Habilidades de comportamiento e Hipnoterapia. Maria es miembro del Registro General de Hipnoterapia (GHR) y del Consejo de Salud Complementaria y Natural (CNHC).<\/p>\r\n<\/div>\r\n<\/div>\r\n\r\n\r\n\r\n<p>Tambi\u00e9n es profesora \/ tutora del curso de hipnoterapia en el Colegio Internacional de Practicantes de Hipnoterapia Cl\u00ednica (ICCHP).<\/p>\r\n","protected":false},"excerpt":{"rendered":"<p>Mar\u00eda ha ayudado a sus clientes a alcanzar todo el potencial en sus vidas desde el 2012.<\/p>\n","protected":false},"author":2,"featured_media":0,"parent":0,"menu_order":0,"comment_status":"closed","ping_status":"closed","template":"","meta":{"footnotes":""},"class_list":["post-98","page","type-page","status-publish","hentry"],"yoast_head":"<!-- This site is optimized with the Yoast SEO plugin v27.5 - https:\/\/yoast.com\/product\/yoast-seo-wordpress\/ -->\n<title>Maria Martinez-Perez, PCHyp, GQHP, PDHyp, CNHC registrada<\/title>\n<meta name=\"description\" content=\"Mar\u00eda ha ayudado a sus clientes a alcanzar todo el potencial en sus vidas desde el 2012.\" \/>\n<meta name=\"robots\" content=\"index, follow, max-snippet:-1, max-image-preview:large, max-video-preview:-1\" \/>\n<link rel=\"canonical\" href=\"http:\/\/Mar\u00eda%20ha%20ayudado%20a%20sus%20clientes%20a%20alcanzar%20todo%20el%20potencial%20en%20sus%20vidas%20desde%20el%202012.\" \/>\n<meta property=\"og:locale\" content=\"es_ES\" \/>\n<meta property=\"og:type\" content=\"article\" \/>\n<meta property=\"og:title\" content=\"Maria Martinez-Perez, PCHyp, GQHP, PDHyp, CNHC registrada\" \/>\n<meta property=\"og:description\" content=\"Mar\u00eda ha ayudado a sus clientes a alcanzar todo el potencial en sus vidas desde el 2012.\" \/>\n<meta property=\"og:url\" content=\"https:\/\/healingbodyandsoul.com\/es\/maria-martinez-perez-biografia\/\" \/>\n<meta property=\"og:site_name\" content=\"Sanando Cuerpo y Alma\" \/>\n<meta property=\"article:modified_time\" content=\"2022-08-25T20:08:10+00:00\" \/>\n<meta property=\"og:image\" content=\"https:\/\/mariahypnotherapy.com\/wp-content\/uploads\/2020\/08\/maria-martinez-perez-hypnotherapist.jpg\" \/>\n<meta name=\"twitter:card\" content=\"summary_large_image\" \/>\n<meta name=\"twitter:label1\" content=\"Tiempo de lectura\" \/>\n\t<meta name=\"twitter:data1\" content=\"2 minutos\" \/>\n<script type=\"application\/ld+json\" class=\"yoast-schema-graph\">{\"@context\":\"https:\\\/\\\/schema.org\",\"@graph\":[{\"@type\":\"WebPage\",\"@id\":\"https:\\\/\\\/healingbodyandsoul.com\\\/es\\\/maria-martinez-perez-biografia\\\/\",\"url\":\"https:\\\/\\\/healingbodyandsoul.com\\\/es\\\/maria-martinez-perez-biografia\\\/\",\"name\":\"Maria Martinez-Perez Registered Holistic Hypnotherapist - Sanando Cuerpo y Alma\",\"isPartOf\":{\"@id\":\"https:\\\/\\\/healingbodyandsoul.com\\\/#website\"},\"primaryImageOfPage\":{\"@id\":\"https:\\\/\\\/healingbodyandsoul.com\\\/es\\\/maria-martinez-perez-biografia\\\/#primaryimage\"},\"image\":{\"@id\":\"https:\\\/\\\/healingbodyandsoul.com\\\/es\\\/maria-martinez-perez-biografia\\\/#primaryimage\"},\"thumbnailUrl\":\"https:\\\/\\\/mariahypnotherapy.com\\\/wp-content\\\/uploads\\\/2020\\\/08\\\/maria-martinez-perez-hypnotherapist.jpg\",\"datePublished\":\"2019-10-23T10:55:43+00:00\",\"dateModified\":\"2022-08-25T20:08:10+00:00\",\"breadcrumb\":{\"@id\":\"https:\\\/\\\/healingbodyandsoul.com\\\/es\\\/maria-martinez-perez-biografia\\\/#breadcrumb\"},\"inLanguage\":\"es\",\"potentialAction\":[{\"@type\":\"ReadAction\",\"target\":[\"https:\\\/\\\/healingbodyandsoul.com\\\/es\\\/maria-martinez-perez-biografia\\\/\"]}]},{\"@type\":\"ImageObject\",\"inLanguage\":\"es\",\"@id\":\"https:\\\/\\\/healingbodyandsoul.com\\\/es\\\/maria-martinez-perez-biografia\\\/#primaryimage\",\"url\":\"https:\\\/\\\/mariahypnotherapy.com\\\/wp-content\\\/uploads\\\/2020\\\/08\\\/maria-martinez-perez-hypnotherapist.jpg\",\"contentUrl\":\"https:\\\/\\\/mariahypnotherapy.com\\\/wp-content\\\/uploads\\\/2020\\\/08\\\/maria-martinez-perez-hypnotherapist.jpg\"},{\"@type\":\"BreadcrumbList\",\"@id\":\"https:\\\/\\\/healingbodyandsoul.com\\\/es\\\/maria-martinez-perez-biografia\\\/#breadcrumb\",\"itemListElement\":[{\"@type\":\"ListItem\",\"position\":1,\"name\":\"Home\",\"item\":\"https:\\\/\\\/healingbodyandsoul.com\\\/\"},{\"@type\":\"ListItem\",\"position\":2,\"name\":\"Maria Martinez-Perez, PCHyp, GQHP, PDHyp, CNHC registrada\"}]},{\"@type\":\"WebSite\",\"@id\":\"https:\\\/\\\/healingbodyandsoul.com\\\/es\\\/#website\",\"url\":\"https:\\\/\\\/healingbodyandsoul.com\\\/es\\\/\",\"name\":\"Sanando Cuerpo y Alma\",\"description\":\"Descubre Qui\u00e9n eres Realmente ...\",\"publisher\":{\"@id\":\"https:\\\/\\\/healingbodyandsoul.com\\\/es\\\/#\\\/schema\\\/person\\\/091fdec5efbb29925e28eb7e5a96c47c\"},\"potentialAction\":[{\"@type\":\"SearchAction\",\"target\":{\"@type\":\"EntryPoint\",\"urlTemplate\":\"https:\\\/\\\/healingbodyandsoul.com\\\/es\\\/?s={search_term_string}\"},\"query-input\":{\"@type\":\"PropertyValueSpecification\",\"valueRequired\":true,\"valueName\":\"search_term_string\"}}],\"inLanguage\":\"es\"},{\"@type\":[\"Person\",\"Organization\"],\"@id\":\"https:\\\/\\\/healingbodyandsoul.com\\\/es\\\/#\\\/schema\\\/person\\\/091fdec5efbb29925e28eb7e5a96c47c\",\"name\":\"Maria Angeles Perez\",\"image\":{\"@type\":\"ImageObject\",\"inLanguage\":\"es\",\"@id\":\"https:\\\/\\\/healingbodyandsoul.com\\\/wp-content\\\/uploads\\\/2020\\\/08\\\/maria-martinez-perez-hypnotherapist.jpg\",\"url\":\"https:\\\/\\\/healingbodyandsoul.com\\\/wp-content\\\/uploads\\\/2020\\\/08\\\/maria-martinez-perez-hypnotherapist.jpg\",\"contentUrl\":\"https:\\\/\\\/healingbodyandsoul.com\\\/wp-content\\\/uploads\\\/2020\\\/08\\\/maria-martinez-perez-hypnotherapist.jpg\",\"width\":235,\"height\":426,\"caption\":\"Maria Angeles Perez\"},\"logo\":{\"@id\":\"https:\\\/\\\/healingbodyandsoul.com\\\/wp-content\\\/uploads\\\/2020\\\/08\\\/maria-martinez-perez-hypnotherapist.jpg\"},\"sameAs\":[\"https:\\\/\\\/healingbodyandsoul.com\\\/\"]}]}<\/script>\n<!-- \/ Yoast SEO plugin. -->","yoast_head_json":{"title":"Maria Martinez-Perez, PCHyp, GQHP, PDHyp, CNHC registrada","description":"Mar\u00eda ha ayudado a sus clientes a alcanzar todo el potencial en sus vidas desde el 2012.","robots":{"index":"index","follow":"follow","max-snippet":"max-snippet:-1","max-image-preview":"max-image-preview:large","max-video-preview":"max-video-preview:-1"},"canonical":"Mar\u00eda ha ayudado a sus clientes a alcanzar todo el potencial en sus vidas desde el 2012.","og_locale":"es_ES","og_type":"article","og_title":"Maria Martinez-Perez, PCHyp, GQHP, PDHyp, CNHC registrada","og_description":"Mar\u00eda ha ayudado a sus clientes a alcanzar todo el potencial en sus vidas desde el 2012.","og_url":"https:\/\/healingbodyandsoul.com\/es\/maria-martinez-perez-biografia\/","og_site_name":"Sanando Cuerpo y Alma","article_modified_time":"2022-08-25T20:08:10+00:00","og_image":[{"url":"https:\/\/mariahypnotherapy.com\/wp-content\/uploads\/2020\/08\/maria-martinez-perez-hypnotherapist.jpg","type":"","width":"","height":""}],"twitter_card":"summary_large_image","twitter_misc":{"Tiempo de lectura":"2 minutos"},"schema":{"@context":"https:\/\/schema.org","@graph":[{"@type":"WebPage","@id":"https:\/\/healingbodyandsoul.com\/es\/maria-martinez-perez-biografia\/","url":"https:\/\/healingbodyandsoul.com\/es\/maria-martinez-perez-biografia\/","name":"Maria Martinez-Perez Registered Holistic Hypnotherapist - Sanando Cuerpo y Alma","isPartOf":{"@id":"https:\/\/healingbodyandsoul.com\/#website"},"primaryImageOfPage":{"@id":"https:\/\/healingbodyandsoul.com\/es\/maria-martinez-perez-biografia\/#primaryimage"},"image":{"@id":"https:\/\/healingbodyandsoul.com\/es\/maria-martinez-perez-biografia\/#primaryimage"},"thumbnailUrl":"https:\/\/mariahypnotherapy.com\/wp-content\/uploads\/2020\/08\/maria-martinez-perez-hypnotherapist.jpg","datePublished":"2019-10-23T10:55:43+00:00","dateModified":"2022-08-25T20:08:10+00:00","breadcrumb":{"@id":"https:\/\/healingbodyandsoul.com\/es\/maria-martinez-perez-biografia\/#breadcrumb"},"inLanguage":"es","potentialAction":[{"@type":"ReadAction","target":["https:\/\/healingbodyandsoul.com\/es\/maria-martinez-perez-biografia\/"]}]},{"@type":"ImageObject","inLanguage":"es","@id":"https:\/\/healingbodyandsoul.com\/es\/maria-martinez-perez-biografia\/#primaryimage","url":"https:\/\/mariahypnotherapy.com\/wp-content\/uploads\/2020\/08\/maria-martinez-perez-hypnotherapist.jpg","contentUrl":"https:\/\/mariahypnotherapy.com\/wp-content\/uploads\/2020\/08\/maria-martinez-perez-hypnotherapist.jpg"},{"@type":"BreadcrumbList","@id":"https:\/\/healingbodyandsoul.com\/es\/maria-martinez-perez-biografia\/#breadcrumb","itemListElement":[{"@type":"ListItem","position":1,"name":"Home","item":"https:\/\/healingbodyandsoul.com\/"},{"@type":"ListItem","position":2,"name":"Maria Martinez-Perez, PCHyp, GQHP, PDHyp, CNHC registrada"}]},{"@type":"WebSite","@id":"https:\/\/healingbodyandsoul.com\/es\/#website","url":"https:\/\/healingbodyandsoul.com\/es\/","name":"Sanando Cuerpo y Alma","description":"Descubre Qui\u00e9n eres Realmente ...","publisher":{"@id":"https:\/\/healingbodyandsoul.com\/es\/#\/schema\/person\/091fdec5efbb29925e28eb7e5a96c47c"},"potentialAction":[{"@type":"SearchAction","target":{"@type":"EntryPoint","urlTemplate":"https:\/\/healingbodyandsoul.com\/es\/?s={search_term_string}"},"query-input":{"@type":"PropertyValueSpecification","valueRequired":true,"valueName":"search_term_string"}}],"inLanguage":"es"},{"@type":["Person","Organization"],"@id":"https:\/\/healingbodyandsoul.com\/es\/#\/schema\/person\/091fdec5efbb29925e28eb7e5a96c47c","name":"Maria Angeles Perez","image":{"@type":"ImageObject","inLanguage":"es","@id":"https:\/\/healingbodyandsoul.com\/wp-content\/uploads\/2020\/08\/maria-martinez-perez-hypnotherapist.jpg","url":"https:\/\/healingbodyandsoul.com\/wp-content\/uploads\/2020\/08\/maria-martinez-perez-hypnotherapist.jpg","contentUrl":"https:\/\/healingbodyandsoul.com\/wp-content\/uploads\/2020\/08\/maria-martinez-perez-hypnotherapist.jpg","width":235,"height":426,"caption":"Maria Angeles Perez"},"logo":{"@id":"https:\/\/healingbodyandsoul.com\/wp-content\/uploads\/2020\/08\/maria-martinez-perez-hypnotherapist.jpg"},"sameAs":["https:\/\/healingbodyandsoul.com\/"]}]}},"_links":{"self":[{"href":"https:\/\/healingbodyandsoul.com\/es\/wp-json\/wp\/v2\/pages\/98","targetHints":{"allow":["GET"]}}],"collection":[{"href":"https:\/\/healingbodyandsoul.com\/es\/wp-json\/wp\/v2\/pages"}],"about":[{"href":"https:\/\/healingbodyandsoul.com\/es\/wp-json\/wp\/v2\/types\/page"}],"author":[{"embeddable":true,"href":"https:\/\/healingbodyandsoul.com\/es\/wp-json\/wp\/v2\/users\/2"}],"replies":[{"embeddable":true,"href":"https:\/\/healingbodyandsoul.com\/es\/wp-json\/wp\/v2\/comments?post=98"}],"version-history":[{"count":2,"href":"https:\/\/healingbodyandsoul.com\/es\/wp-json\/wp\/v2\/pages\/98\/revisions"}],"predecessor-version":[{"id":1310,"href":"https:\/\/healingbodyandsoul.com\/es\/wp-json\/wp\/v2\/pages\/98\/revisions\/1310"}],"wp:attachment":[{"href":"https:\/\/healingbodyandsoul.com\/es\/wp-json\/wp\/v2\/media?parent=98"}],"curies":[{"name":"wp","href":"https:\/\/api.w.org\/{rel}","templated":true}]}}