{"id":991,"date":"2020-09-06T12:05:58","date_gmt":"2020-09-06T12:05:58","guid":{"rendered":"https:\/\/healingbodyandsoul.com\/DEV\/?page_id=991"},"modified":"2022-08-25T20:06:42","modified_gmt":"2022-08-25T20:06:42","slug":"holistic-quantum-hypnosis-essex-uk","status":"publish","type":"page","link":"https:\/\/healingbodyandsoul.com\/es\/holistic-quantum-hypnosis-essex-uk\/","title":{"rendered":"\u00bfC\u00f3mo prepararse para una sesi\u00f3n?"},"content":{"rendered":"<p class=\"wb-stl-normal\">La forma m\u00e1s importante de prepararse para una sesi\u00f3n es desde el momento en que ha decidido programar una cita es tener una comunicaci\u00f3n clara y directa con la parte de usted que puede proporcionarle sanaci\u00f3n e informaci\u00f3n. Esa parte de ti es tu Ser Superior. D\u00edgase a s\u00ed mismo \u00abTengo una comunicaci\u00f3n clara y directa con mi Ser Superior\u00bb. D\u00e9se cuenta del tiempo de esta afirmaci\u00f3n, no es \u00abvoy a tener\u00bb, es \u00abtengo\u00bb. Luego puede repetir esta intenci\u00f3n en silencio o en voz alta durante todo el d\u00eda y, lo m\u00e1s importante, justo antes de irse a dormir por la noche. Puede poner una nota en el espejo de su ba\u00f1o para recordarle que debe concentrarse en su intenci\u00f3n mientras se cepilla los dientes y se prepara para ir a dormir.<\/p>\n<p class=\"wb-stl-normal\">\u00a0<\/p>\n<p class=\"wb-stl-normal\">Deber\u00e1 preparar una lista de preguntas a las que quiera respuesta durante su sesi\u00f3n y se la env\u00ede a Maria\u00a0 antes el d\u00eda de\u00a0su cita si es posible. Por supuesto, siempre pueden modificarse o a\u00f1adir nuevas preguntas cuando llegue el momento de su sesi\u00f3n. Adem\u00e1s, le aconsejar\u00eda que coloque estas preguntas\u00a0 en el orden de importancia.\u00a0<\/p>\n<p class=\"wb-stl-normal\">\u00a0<\/p>\n<p class=\"wb-stl-normal\">\u00bfQu\u00e9 tipo de preguntas? La regla general es hacer preguntas personales o mantener temas relacionados con su vida personal, pero puede hacer cualquier tipo de pregunta que se le ocurra. Aqu\u00ed hay\u00a0algunos ejemplos:<\/p>\n<p class=\"wb-stl-normal\">\u00a0<\/p>\n<ul>\n<li>\n<p class=\"wb-stl-normal\">He tenido asma desde que nac\u00ed. \u00bfPor qu\u00e9? \u00bfSe puede curar?<\/p>\n<\/li>\n<li>\n<p class=\"wb-stl-normal\">Estoy en una nueva relaci\u00f3n sentimental. \u00bfEs esta persona la correcta para m\u00ed?<\/p>\n<\/li>\n<li>\n<p class=\"wb-stl-normal\">Realmente no me gusta mi trabajo y me gustar\u00eda renunciar y encontrar uno nuevo. \u00bfDeber\u00eda?<\/p>\n<\/li>\n<li>\n<p class=\"wb-stl-normal\">Tengo una relaci\u00f3n dif\u00edcil con mi hermana. \u00bfPor qu\u00e9 es as\u00ed y puede resolverse?<\/p>\n<\/li>\n<li>\n<p class=\"wb-stl-normal\">Hace muchos a\u00f1os me sucedi\u00f3 algo extra\u00f1o. (Esto podr\u00eda ser un sue\u00f1o, visi\u00f3n, sentimiento o experiencia)<\/p>\n<\/li>\n<li>\n<p class=\"wb-stl-normal\">\u00bfQu\u00e9 sucedi\u00f3 exactamente y por qu\u00e9?<\/p>\n<\/li>\n<li>\n<p class=\"wb-stl-normal\">Tengo un inter\u00e9s de por vida en (nombrar cualquier tema) \u00bfpodemos explorar esto en profundidad?<\/p>\n<\/li>\n<li>\n<p class=\"wb-stl-normal\">\u00bfEstoy en el camino espiritual correcto?<\/p>\n<\/li>\n<li>\n<p class=\"wb-stl-normal\">\u00bfPuedo conocer a mi esp\u00edritu gu\u00eda o \u00e1ngel guardi\u00e1n?<\/p>\n<\/li>\n<li>\n<p class=\"wb-stl-normal\">\u00bfPuedo mejorar mis habilidades intuitivas o ps\u00edquicas? \u00bfC\u00f3mo?<\/p>\n<\/li>\n<li>\n<p class=\"wb-stl-normal\">\u00bfC\u00f3mo puedo crear m\u00e1s paz, equilibrio o abundancia en mi vida?<\/p>\n<\/li>\n<\/ul>\n<p class=\"wb-stl-normal\">No se preocupe si tiene una lista corta, ya que podemos hacer m\u00e1s preguntas juntos.<\/p>\n<p class=\"wb-stl-normal\">\u00a0<\/p>\n<p class=\"wb-stl-normal\">Intente prestar atenci\u00f3n a sus sue\u00f1os antes de su cita. Escr\u00edbelos. Son mensajes para usted y pueden ayudarlo con su sesi\u00f3n. Si a\u00fan no meditas, es un buen momento para comenzar. Como m\u00ednimo, t\u00f3mese un tiempo de silencio todos los d\u00edas para calmar su charla mental interna.<\/p>\n<p class=\"wb-stl-normal\">\u00a0<\/p>\n<p class=\"wb-stl-normal\">No tome bebidas alcoh\u00f3licas o\u00a0con cafe\u00edna antes de la sesi\u00f3n o la noche anterior, si es posible. No se realizar\u00e1 una sesi\u00f3n si el cliente est\u00e1 bajo la influencia de drogas, alcohol o cualquier otra sustancia que altere su estado de conciencia. No tomes pastillas para relajarte. Esto puede poner en peligro el \u00e9xito de la sesi\u00f3n.<\/p>\n<p>&nbsp;<\/p>\n<p class=\"wb-stl-normal\">Despeje su agenda el d\u00eda de la sesi\u00f3n si es posible. Comenzaremos hablando sobre su vida, repasando el proceso y\u00a0 revisando sus preguntas. Luego te pones c\u00f3modo, relajado y comenzamos la regresi\u00f3n hipn\u00f3tica real. Cuando hayamos acabado, repasaremos lo experimentado, puede hacer cualquier pregunta que tenga sobre lo que ha percibido y me asegurar\u00e9\u00a0de que est\u00e9 despierto y completamente alerta antes de dar por terminada la sesi\u00f3n. Depende del tipo de\u00a0proceso, la sesi\u00f3n\u00a0puede durar hasta 5 horas en total, y ocasionalmente incluso un poco m\u00e1s.<\/p>\n<p class=\"wb-stl-normal\">\u00a0<\/p>\n<p class=\"wb-stl-normal\">Practica relajarte antes de la sesi\u00f3n: solo necesitas cerrar\u00a0los ojos y conc\u00e9ntrate en cualquier parte de tu cuerpo donde haya tensi\u00f3n. Respira en ese espacio hasta que sientas que la tensi\u00f3n disminuye o se disuelve. Permanezca en ese espacio el mayor tiempo posible, simplemente localizando cualquier tensi\u00f3n hasta que todo su cuerpo se relaje f\u00e1cilmente y sin esfuerzo. Esta pr\u00e1ctica puede ser \u00fatil el d\u00eda de su sesi\u00f3n, ayud\u00e1ndole a acceder a un maravilloso\u00a0estado de relajaci\u00f3n. Tambi\u00e9n ejercicio ligero antes de su cita, como una caminata larga, es una excelente manera de prepararse para una sesi\u00f3n exitosa. Este es otro buen momento para repetir su intenci\u00f3n. Queremos que su cuerpo est\u00e9 relajado, pero su mente tranquila, alerta y concentrada.<\/p>\n<p class=\"wb-stl-normal\">\u00a0<\/p>\n<p class=\"wb-stl-normal\">Duerma bien por la noche: si medita, h\u00e1galo la ma\u00f1ana o el d\u00eda de su cita para ayudar a aclarar su mente. Si no meditas, puedes hacer algo que te tranquilice, como dar un agradable paseo relajante, acariciar a tu mascota o escuchar m\u00fasica relajante.<\/p>\n<p class=\"wb-stl-normal\">\u00a0<\/p>\n<p class=\"wb-stl-normal\">Qu\u00e9 comer: nuestra sesi\u00f3n puede durar hasta 5 horas o m\u00e1s, por lo que debe comer bien pero ligero antes de llegar a su sesi\u00f3n. Es posible que desee traer un bocadillo o un tentempi\u00e9\u00a0para despu\u00e9s de la sesi\u00f3n tambi\u00e9n si es una sesi\u00f3n larga.\u00a0<\/p>\n<p class=\"wb-stl-normal\">\u00a0<\/p>\n<p class=\"wb-stl-normal\">Qu\u00e9 ponerse: ya que puede estar tumbado durante varias horas, debe usar ropa c\u00f3moda, ligera y holgada que no restrinja su circulaci\u00f3n\u00a0mientras est\u00e1 tumbado. Si normalmente usa medias o calcetines para dormir, traiga un par para que sus pies se sientan c\u00f3modos. Si viene a la sesi\u00f3n despu\u00e9s del trabajo, traiga ropa c\u00f3moda para cambiarse.<\/p>\n<p class=\"wb-stl-normal\">\u00a0<\/p>\n<p class=\"wb-stl-normal\">Por lo general, no es una buena idea tener citas adicionales despu\u00e9s de la sesi\u00f3n o actividades que requieran mucha concentraci\u00f3n. Deber\u00edas tomarte el resto del d\u00eda\u00a0con calma.Tener una sesi\u00f3n de hipnosis es muy similar a so\u00f1ar despierto, donde nos involucramos totalmente recreando cada escena con detalle.\u00a0 Realmente sentir\u00e1s como si acabar\u00e1s de regresar de un viaje incre\u00edble, habiendo visitado otros mundos y vidas, y de hecho, habr\u00e1s hecho exactamente eso. Es mejor tomarse \u00a0tiempo para procesar la\u00a0experiencia y regresar completamente a la\u00a0realidad cotidiana consciente antes de intentar cualquier tarea mental compleja o actividad f\u00edsica extenuante.<\/p>\n<p class=\"wb-stl-normal\">\u00a0<\/p>\n<p class=\"wb-stl-normal\">Su sesi\u00f3n: su sesi\u00f3n constar\u00e1 de dos partes; un proceso de entrevista donde tendr\u00e9 la oportunidad de conocerte a fondo y\u00a0la sesi\u00f3n de hipnosis.\u00a0 Es\u00a0una sesi\u00f3n privada. Aunque los c\u00f3nyuges \/ parejas \/ amigos o sus hijos quieran estar con usted para presenciar este incre\u00edble evento, es una situaci\u00f3n donde debe sentirse completamente seguro de que se respeta su confidencialidad en todos los asuntos. Debido a esto, no se permite a nadie m\u00e1s en su sesi\u00f3n.<\/p>\n<p class=\"wb-stl-normal\">\u00a0<\/p>\n<p class=\"wb-stl-normal\">\u00a1Sin expectativas!<\/p>\n<p class=\"wb-stl-normal\">\u00a0<\/p>\n<p class=\"wb-stl-normal\">En nuestra sociedad orientada a conseguir objetivos, se nos ha dicho que establezcamos metas y visualicemos los resultados. Esto NO funciona con la hipnosis. La experiencia de cada persona ser\u00e1 totalmente \u00fanica. Tu Ser Superior te mostrar\u00e1 exactamente lo que necesitas saber en este momento de tu vida. Libere cualquier expectativa de c\u00f3mo deber\u00eda sentirse cuando est\u00e1 en trance o c\u00f3mo ser\u00e1 su sesi\u00f3n. Simplemente disfruta de la experiencia y deja que el Universo se encargue de los detalles. Tambi\u00e9n tenga en cuenta que NO estar\u00e1 dormido. Estar\u00e1s consciente. La mayor\u00eda de las personas recuerdan toda o la mayor parte de su sesi\u00f3n, pero es como cuando te despiertas de un sue\u00f1o y lo recuerdas v\u00edvidamente, pero luego quiz\u00e1 se desvanece.<\/p>\n<p class=\"wb-stl-normal\">\u00a0<\/p>\n<p class=\"wb-stl-normal\">Se le proporcionar\u00e1 una copia de su sesi\u00f3n. Escuchar su sesi\u00f3n en los d\u00edas, semanas e incluso meses siguientes, es una parte importante de la experiencia. Incluso si su mente consciente recuerda la sesi\u00f3n inmediatamente despu\u00e9s, puede, como algunos sue\u00f1os, comenzar a desvanecerse de su memoria, \u00a1incluso si tuvo una experiencia \u00abinolvidable\u00bb! Adem\u00e1s, cualquier\u00a0 sanaci\u00f3n o energ\u00eda recibida\u00a0puede y ser\u00e1 reforzada al escuchar repetidamente el audio. El objetivo es hacer que su mente consciente \u00absuba a bordo\u00bb y se alinee con su Ser Superior y sus objetivos, y acepte cualquier cambio o sanaci\u00f3n que tenga la intenci\u00f3n de lograr.<\/p>\n<p>&nbsp;<\/p>\n<p class=\"wb-stl-normal\">A continuaci\u00f3n se encuentra un archivo MP3 especial que puede ayudarlo a prepararse. Esta es una meditaci\u00f3n guiada especial que lo llevar\u00e1 a un estado tranquilo y relajado y le permitir\u00e1 practicar visualizar o experimentar su propio jard\u00edn de sanaci\u00f3n encantador y personal. Su Ser Superior tambi\u00e9n puede hacer una conexi\u00f3n especial con mi Ser Superior mientras escucha mi voz en este ejercicio. \u00a1Muchos clientes me informan de cambios significativos en su estado simplemente completando este primer paso y haciendo esta conexi\u00f3n! La grabaci\u00f3n es suya sin compromiso, en cualquier caso, no necesita reservar cita para escucharla o beneficiarse de este proceso.<\/p>\n<p class=\"wb-stl-normal\">\u00a0<\/p>\n<p class=\"wb-stl-normal\">Despu\u00e9s de su sesi\u00f3n: Estar\u00e1 completamente alerta pero profundamente relajado y se encontrar\u00e1 en un estado muy feliz. (\u00a1Muy importante!) Aseg\u00farate de comer algo despu\u00e9s de la sesi\u00f3n. Programe el resto de su d\u00eda para que despu\u00e9s de la sesi\u00f3n no tenga actividades que requieran mucha concentraci\u00f3n o trabajo f\u00edsico. Cuando llegue a casa,\u00a0escuche la grabaci\u00f3n. Le recomiendo que escuche el material al menos tres veces (especialmente la parte donde habla el Ser Superior), pero es beneficioso escucharlo m\u00e1s frecuentemente. Escuchar la grabaci\u00f3n es de suma importancia, \u00a1pero NO la escuche mientras conduce su autom\u00f3vil o realice cualquier otra actividad que requiera su atenci\u00f3n como cocinar, etc!<\/p>\n<p class=\"wb-stl-normal\">\u00a0<\/p>\n<p class=\"wb-stl-normal\">Vaya\u00a0a dormir a la hora normal.\u00a0Durante aproximadamente tres d\u00edas despu\u00e9s de la sesi\u00f3n, la conexi\u00f3n con su Ser Superior permanecer\u00e1 abierta, as\u00ed que preste atenci\u00f3n a sus sue\u00f1os porque a su Ser Superior le resultar\u00e1 m\u00e1s f\u00e1cil comunicarse con usted a trav\u00e9s de los sue\u00f1os.<\/p>\n<p class=\"wb-stl-normal\">\u00a0<\/p>\n<p class=\"wb-stl-normal\">A veces puede llevar un tiempo procesar todo lo que ha sucedido durante una sesi\u00f3n, especialmente cuando pueden suceder muchas cosas significativas en un per\u00edodo de tiempo tan corto. \u00a1Presta\u00a0atenci\u00f3n porque es posible que te llegue informaci\u00f3n importante cuando menos lo esperes y no te la quieras perder! Dado que la vibraci\u00f3n de su Ser Superior tambi\u00e9n se grabar\u00e1, continuar\u00e1 recibiendo informaci\u00f3n y autosanaci\u00f3n cada vez que escuche la grabaci\u00f3n.<\/p>\n<p class=\"wb-stl-normal\">\u00a0<\/p>\n<p class=\"wb-stl-normal\">Importante: es posible que sienta poco\u00a0o ning\u00fan cambio despu\u00e9s de su sesi\u00f3n y tenga dudas. Tenga en cuenta que cualquier restauraci\u00f3n realizada por su Ser Superior se realiza energeticamente primero y puede llevar tiempo hasta manifestarse en la esfera\u00a0f\u00edsica. Cualquier duda, cuestionamiento, an\u00e1lisis o escepticismo socavar\u00e1 totalmente\u00a0y negar\u00e1 el trabajo realizado por su Ser Superior durante la sesi\u00f3n. Escuche la grabaci\u00f3n de audio de su sesi\u00f3n con frecuencia y tenga total confianza en el proceso.<\/p>\n<p class=\"wb-stl-normal\">\u00a0<\/p>\n<p class=\"wb-stl-normal\">Traiga con usted el\u00a0<a href=\"https:\/\/healingbodyandsoul.com\/gallery\/Cuestionario%20para%20sesion%20de%20hipnosis.docx\">cuestionario adjunto<\/a>, as\u00ed como la lista de preguntas que le gustar\u00eda que respondiera su Ser Superior.<\/p>\n<blockquote>\n<p>Los servicios prestados se ofrecen al p\u00fablico como una forma de entrenamiento motivacional combinado con instrucci\u00f3n y educaci\u00f3n en hipnosis con el entendimiento de que TODA hipnosis es autohipnosis. No afirmamos, ofrecemos ni representamos nuestros servicios como ninguna forma de atenci\u00f3n m\u00e9dica o psicoterapia, y a pesar de los resultados\u00a0 en contrario, no hacemos declaraciones de beneficios de salud derivados de nuestros servicios. Cualquier sanaci\u00f3n que ocurra como resultado de los servicios prestados es cr\u00e9dito y responsabilidad total del cliente.<\/p>\n<\/blockquote>\n","protected":false},"excerpt":{"rendered":"<p>La forma m\u00e1s importante de prepararse para una sesi\u00f3n es desde el momento en que ha decidido programar una cita es tener una comunicaci\u00f3n clara y directa con la parte&#8230;<\/p>\n","protected":false},"author":2,"featured_media":0,"parent":0,"menu_order":0,"comment_status":"closed","ping_status":"closed","template":"","meta":{"footnotes":""},"class_list":["post-991","page","type-page","status-publish","hentry"],"yoast_head":"<!-- This site is optimized with the Yoast SEO plugin v27.5 - https:\/\/yoast.com\/product\/yoast-seo-wordpress\/ -->\n<title>\u00bfC\u00f3mo prepararse para una sesi\u00f3n?<\/title>\n<meta name=\"description\" content=\"La forma m\u00e1s importante de prepararse para una sesi\u00f3n es desde el momento en que ha decidido programar una cita es tener una comunicaci\u00f3n clara y directa con la parte de usted que puede proporcionarle sanaci\u00f3n e informaci\u00f3n. Esa parte de ti es tu Ser Superior. D\u00edgase a s\u00ed mismo &quot;Tengo una comunicaci\u00f3n clara y&hellip;\" \/>\n<meta name=\"robots\" content=\"index, follow, max-snippet:-1, max-image-preview:large, max-video-preview:-1\" \/>\n<link rel=\"canonical\" href=\"http:\/\/La%20forma%20m\u00e1s%20importante%20de%20prepararse%20para%20una%20sesi\u00f3n%20es%20desde%20el%20momento%20en%20que%20ha%20decidido%20programar%20una%20cita%20es%20tener%20una%20comunicaci\u00f3n%20clara%20y%20directa%20con%20la%20parte%20de%20usted%20que%20puede%20proporcionarle%20sanaci\u00f3n%20e%20informaci\u00f3n.%20Esa%20parte%20de%20ti%20es%20tu%20Ser%20Superior.%20D\u00edgase%20a%20s\u00ed%20mismo%20Tengo%20una%20comunicaci\u00f3n%20clara%20y&hellip;\" \/>\n<meta property=\"og:locale\" content=\"es_ES\" \/>\n<meta property=\"og:type\" content=\"article\" \/>\n<meta property=\"og:title\" content=\"\u00bfC\u00f3mo prepararse para una sesi\u00f3n?\" \/>\n<meta property=\"og:description\" content=\"La forma m\u00e1s importante de prepararse para una sesi\u00f3n es desde el momento en que ha decidido programar una cita es tener una comunicaci\u00f3n clara y directa con la parte de usted que puede proporcionarle sanaci\u00f3n e informaci\u00f3n. Esa parte de ti es tu Ser Superior. D\u00edgase a s\u00ed mismo &quot;Tengo una comunicaci\u00f3n clara y&hellip;\" \/>\n<meta property=\"og:url\" content=\"https:\/\/healingbodyandsoul.com\/es\/holistic-quantum-hypnosis-essex-uk\/\" \/>\n<meta property=\"og:site_name\" content=\"Sanando Cuerpo y Alma\" \/>\n<meta property=\"article:modified_time\" content=\"2022-08-25T20:06:42+00:00\" \/>\n<meta property=\"og:image\" content=\"https:\/\/healingbodyandsoul.com\/wp-content\/uploads\/2020\/10\/igobsr93i7y-1024x683.jpg\" \/>\n<meta name=\"twitter:card\" content=\"summary_large_image\" \/>\n<meta name=\"twitter:label1\" content=\"Tiempo de lectura\" \/>\n\t<meta name=\"twitter:data1\" content=\"9 minutos\" \/>\n<script type=\"application\/ld+json\" class=\"yoast-schema-graph\">{\"@context\":\"https:\\\/\\\/schema.org\",\"@graph\":[{\"@type\":\"WebPage\",\"@id\":\"https:\\\/\\\/healingbodyandsoul.com\\\/es\\\/holistic-quantum-hypnosis-essex-uk\\\/\",\"url\":\"https:\\\/\\\/healingbodyandsoul.com\\\/es\\\/holistic-quantum-hypnosis-essex-uk\\\/\",\"name\":\"Holistic Quantum Hypnosis UK - Sanando Cuerpo y Alma\",\"isPartOf\":{\"@id\":\"https:\\\/\\\/healingbodyandsoul.com\\\/#website\"},\"primaryImageOfPage\":{\"@id\":\"https:\\\/\\\/healingbodyandsoul.com\\\/es\\\/holistic-quantum-hypnosis-essex-uk\\\/#primaryimage\"},\"image\":{\"@id\":\"https:\\\/\\\/healingbodyandsoul.com\\\/es\\\/holistic-quantum-hypnosis-essex-uk\\\/#primaryimage\"},\"thumbnailUrl\":\"https:\\\/\\\/healingbodyandsoul.com\\\/wp-content\\\/uploads\\\/2020\\\/10\\\/igobsr93i7y-1024x683.jpg\",\"datePublished\":\"2020-09-06T12:05:58+00:00\",\"dateModified\":\"2022-08-25T20:06:42+00:00\",\"description\":\"Holistic Health Services Essex UK - Introspective Hypnosis: Regression Therapy: Ancestral Healing: QHHT: Advice on how to prepare for therapy.\",\"breadcrumb\":{\"@id\":\"https:\\\/\\\/healingbodyandsoul.com\\\/es\\\/holistic-quantum-hypnosis-essex-uk\\\/#breadcrumb\"},\"inLanguage\":\"es\",\"potentialAction\":[{\"@type\":\"ReadAction\",\"target\":[\"https:\\\/\\\/healingbodyandsoul.com\\\/es\\\/holistic-quantum-hypnosis-essex-uk\\\/\"]}]},{\"@type\":\"ImageObject\",\"inLanguage\":\"es\",\"@id\":\"https:\\\/\\\/healingbodyandsoul.com\\\/es\\\/holistic-quantum-hypnosis-essex-uk\\\/#primaryimage\",\"url\":\"https:\\\/\\\/healingbodyandsoul.com\\\/wp-content\\\/uploads\\\/2020\\\/10\\\/igobsr93i7y-1024x683.jpg\",\"contentUrl\":\"https:\\\/\\\/healingbodyandsoul.com\\\/wp-content\\\/uploads\\\/2020\\\/10\\\/igobsr93i7y-1024x683.jpg\"},{\"@type\":\"BreadcrumbList\",\"@id\":\"https:\\\/\\\/healingbodyandsoul.com\\\/es\\\/holistic-quantum-hypnosis-essex-uk\\\/#breadcrumb\",\"itemListElement\":[{\"@type\":\"ListItem\",\"position\":1,\"name\":\"Home\",\"item\":\"https:\\\/\\\/healingbodyandsoul.com\\\/\"},{\"@type\":\"ListItem\",\"position\":2,\"name\":\"\u00bfC\u00f3mo prepararse para una sesi\u00f3n?\"}]},{\"@type\":\"WebSite\",\"@id\":\"https:\\\/\\\/healingbodyandsoul.com\\\/es\\\/#website\",\"url\":\"https:\\\/\\\/healingbodyandsoul.com\\\/es\\\/\",\"name\":\"Sanando Cuerpo y Alma\",\"description\":\"Descubre Qui\u00e9n eres Realmente ...\",\"publisher\":{\"@id\":\"https:\\\/\\\/healingbodyandsoul.com\\\/es\\\/#\\\/schema\\\/person\\\/091fdec5efbb29925e28eb7e5a96c47c\"},\"potentialAction\":[{\"@type\":\"SearchAction\",\"target\":{\"@type\":\"EntryPoint\",\"urlTemplate\":\"https:\\\/\\\/healingbodyandsoul.com\\\/es\\\/?s={search_term_string}\"},\"query-input\":{\"@type\":\"PropertyValueSpecification\",\"valueRequired\":true,\"valueName\":\"search_term_string\"}}],\"inLanguage\":\"es\"},{\"@type\":[\"Person\",\"Organization\"],\"@id\":\"https:\\\/\\\/healingbodyandsoul.com\\\/es\\\/#\\\/schema\\\/person\\\/091fdec5efbb29925e28eb7e5a96c47c\",\"name\":\"Maria Angeles Perez\",\"image\":{\"@type\":\"ImageObject\",\"inLanguage\":\"es\",\"@id\":\"https:\\\/\\\/healingbodyandsoul.com\\\/wp-content\\\/uploads\\\/2020\\\/08\\\/maria-martinez-perez-hypnotherapist.jpg\",\"url\":\"https:\\\/\\\/healingbodyandsoul.com\\\/wp-content\\\/uploads\\\/2020\\\/08\\\/maria-martinez-perez-hypnotherapist.jpg\",\"contentUrl\":\"https:\\\/\\\/healingbodyandsoul.com\\\/wp-content\\\/uploads\\\/2020\\\/08\\\/maria-martinez-perez-hypnotherapist.jpg\",\"width\":235,\"height\":426,\"caption\":\"Maria Angeles Perez\"},\"logo\":{\"@id\":\"https:\\\/\\\/healingbodyandsoul.com\\\/wp-content\\\/uploads\\\/2020\\\/08\\\/maria-martinez-perez-hypnotherapist.jpg\"},\"sameAs\":[\"https:\\\/\\\/healingbodyandsoul.com\\\/\"]}]}<\/script>\n<!-- \/ Yoast SEO plugin. -->","yoast_head_json":{"title":"\u00bfC\u00f3mo prepararse para una sesi\u00f3n?","description":"La forma m\u00e1s importante de prepararse para una sesi\u00f3n es desde el momento en que ha decidido programar una cita es tener una comunicaci\u00f3n clara y directa con la parte de usted que puede proporcionarle sanaci\u00f3n e informaci\u00f3n. Esa parte de ti es tu Ser Superior. D\u00edgase a s\u00ed mismo \"Tengo una comunicaci\u00f3n clara y&hellip;","robots":{"index":"index","follow":"follow","max-snippet":"max-snippet:-1","max-image-preview":"max-image-preview:large","max-video-preview":"max-video-preview:-1"},"canonical":"La forma m\u00e1s importante de prepararse para una sesi\u00f3n es desde el momento en que ha decidido programar una cita es tener una comunicaci\u00f3n clara y directa con la parte de usted que puede proporcionarle sanaci\u00f3n e informaci\u00f3n. Esa parte de ti es tu Ser Superior. D\u00edgase a s\u00ed mismo \"Tengo una comunicaci\u00f3n clara y&hellip;","og_locale":"es_ES","og_type":"article","og_title":"\u00bfC\u00f3mo prepararse para una sesi\u00f3n?","og_description":"La forma m\u00e1s importante de prepararse para una sesi\u00f3n es desde el momento en que ha decidido programar una cita es tener una comunicaci\u00f3n clara y directa con la parte de usted que puede proporcionarle sanaci\u00f3n e informaci\u00f3n. Esa parte de ti es tu Ser Superior. D\u00edgase a s\u00ed mismo \"Tengo una comunicaci\u00f3n clara y&hellip;","og_url":"https:\/\/healingbodyandsoul.com\/es\/holistic-quantum-hypnosis-essex-uk\/","og_site_name":"Sanando Cuerpo y Alma","article_modified_time":"2022-08-25T20:06:42+00:00","og_image":[{"url":"https:\/\/healingbodyandsoul.com\/wp-content\/uploads\/2020\/10\/igobsr93i7y-1024x683.jpg","type":"","width":"","height":""}],"twitter_card":"summary_large_image","twitter_misc":{"Tiempo de lectura":"9 minutos"},"schema":{"@context":"https:\/\/schema.org","@graph":[{"@type":"WebPage","@id":"https:\/\/healingbodyandsoul.com\/es\/holistic-quantum-hypnosis-essex-uk\/","url":"https:\/\/healingbodyandsoul.com\/es\/holistic-quantum-hypnosis-essex-uk\/","name":"Holistic Quantum Hypnosis UK - Sanando Cuerpo y Alma","isPartOf":{"@id":"https:\/\/healingbodyandsoul.com\/#website"},"primaryImageOfPage":{"@id":"https:\/\/healingbodyandsoul.com\/es\/holistic-quantum-hypnosis-essex-uk\/#primaryimage"},"image":{"@id":"https:\/\/healingbodyandsoul.com\/es\/holistic-quantum-hypnosis-essex-uk\/#primaryimage"},"thumbnailUrl":"https:\/\/healingbodyandsoul.com\/wp-content\/uploads\/2020\/10\/igobsr93i7y-1024x683.jpg","datePublished":"2020-09-06T12:05:58+00:00","dateModified":"2022-08-25T20:06:42+00:00","description":"Holistic Health Services Essex UK - Introspective Hypnosis: Regression Therapy: Ancestral Healing: QHHT: Advice on how to prepare for therapy.","breadcrumb":{"@id":"https:\/\/healingbodyandsoul.com\/es\/holistic-quantum-hypnosis-essex-uk\/#breadcrumb"},"inLanguage":"es","potentialAction":[{"@type":"ReadAction","target":["https:\/\/healingbodyandsoul.com\/es\/holistic-quantum-hypnosis-essex-uk\/"]}]},{"@type":"ImageObject","inLanguage":"es","@id":"https:\/\/healingbodyandsoul.com\/es\/holistic-quantum-hypnosis-essex-uk\/#primaryimage","url":"https:\/\/healingbodyandsoul.com\/wp-content\/uploads\/2020\/10\/igobsr93i7y-1024x683.jpg","contentUrl":"https:\/\/healingbodyandsoul.com\/wp-content\/uploads\/2020\/10\/igobsr93i7y-1024x683.jpg"},{"@type":"BreadcrumbList","@id":"https:\/\/healingbodyandsoul.com\/es\/holistic-quantum-hypnosis-essex-uk\/#breadcrumb","itemListElement":[{"@type":"ListItem","position":1,"name":"Home","item":"https:\/\/healingbodyandsoul.com\/"},{"@type":"ListItem","position":2,"name":"\u00bfC\u00f3mo prepararse para una sesi\u00f3n?"}]},{"@type":"WebSite","@id":"https:\/\/healingbodyandsoul.com\/es\/#website","url":"https:\/\/healingbodyandsoul.com\/es\/","name":"Sanando Cuerpo y Alma","description":"Descubre Qui\u00e9n eres Realmente ...","publisher":{"@id":"https:\/\/healingbodyandsoul.com\/es\/#\/schema\/person\/091fdec5efbb29925e28eb7e5a96c47c"},"potentialAction":[{"@type":"SearchAction","target":{"@type":"EntryPoint","urlTemplate":"https:\/\/healingbodyandsoul.com\/es\/?s={search_term_string}"},"query-input":{"@type":"PropertyValueSpecification","valueRequired":true,"valueName":"search_term_string"}}],"inLanguage":"es"},{"@type":["Person","Organization"],"@id":"https:\/\/healingbodyandsoul.com\/es\/#\/schema\/person\/091fdec5efbb29925e28eb7e5a96c47c","name":"Maria Angeles Perez","image":{"@type":"ImageObject","inLanguage":"es","@id":"https:\/\/healingbodyandsoul.com\/wp-content\/uploads\/2020\/08\/maria-martinez-perez-hypnotherapist.jpg","url":"https:\/\/healingbodyandsoul.com\/wp-content\/uploads\/2020\/08\/maria-martinez-perez-hypnotherapist.jpg","contentUrl":"https:\/\/healingbodyandsoul.com\/wp-content\/uploads\/2020\/08\/maria-martinez-perez-hypnotherapist.jpg","width":235,"height":426,"caption":"Maria Angeles Perez"},"logo":{"@id":"https:\/\/healingbodyandsoul.com\/wp-content\/uploads\/2020\/08\/maria-martinez-perez-hypnotherapist.jpg"},"sameAs":["https:\/\/healingbodyandsoul.com\/"]}]}},"_links":{"self":[{"href":"https:\/\/healingbodyandsoul.com\/es\/wp-json\/wp\/v2\/pages\/991","targetHints":{"allow":["GET"]}}],"collection":[{"href":"https:\/\/healingbodyandsoul.com\/es\/wp-json\/wp\/v2\/pages"}],"about":[{"href":"https:\/\/healingbodyandsoul.com\/es\/wp-json\/wp\/v2\/types\/page"}],"author":[{"embeddable":true,"href":"https:\/\/healingbodyandsoul.com\/es\/wp-json\/wp\/v2\/users\/2"}],"replies":[{"embeddable":true,"href":"https:\/\/healingbodyandsoul.com\/es\/wp-json\/wp\/v2\/comments?post=991"}],"version-history":[{"count":14,"href":"https:\/\/healingbodyandsoul.com\/es\/wp-json\/wp\/v2\/pages\/991\/revisions"}],"predecessor-version":[{"id":1309,"href":"https:\/\/healingbodyandsoul.com\/es\/wp-json\/wp\/v2\/pages\/991\/revisions\/1309"}],"wp:attachment":[{"href":"https:\/\/healingbodyandsoul.com\/es\/wp-json\/wp\/v2\/media?parent=991"}],"curies":[{"name":"wp","href":"https:\/\/api.w.org\/{rel}","templated":true}]}}